{"id":8962,"date":"2022-01-06T20:45:36","date_gmt":"2022-01-06T23:45:36","guid":{"rendered":"http:\/\/blyme-yaoi.com\/2018\/?page_id=8962"},"modified":"2023-12-15T16:37:16","modified_gmt":"2023-12-15T19:37:16","slug":"mangas-boys-love-e-afins-publicados-no-brasil-2022-em-diante","status":"publish","type":"page","link":"https:\/\/blyme-yaoi.com\/2018\/mangas-boys-love-e-afins-publicados-no-brasil-2022-em-diante\/","title":{"rendered":"Mang\u00e1s Boy\u2019s Love \u2013 e afins \u2013 publicados no Brasil &#8211; 2022"},"content":{"rendered":"\n<h2 class=\"wp-block-heading\">Links<\/h2>\n\n\n\n<div class=\"wp-block-media-text alignwide is-stacked-on-mobile\"><figure class=\"wp-block-media-text__media\"><img loading=\"lazy\" decoding=\"async\" width=\"1503\" height=\"2150\" src=\"http:\/\/blyme-yaoi.com\/2018\/wp-content\/uploads\/2018\/04\/links.jpg\" alt=\"\" class=\"wp-image-8533 size-full\" srcset=\"https:\/\/blyme-yaoi.com\/2018\/wp-content\/uploads\/2018\/04\/links.jpg 1503w, https:\/\/blyme-yaoi.com\/2018\/wp-content\/uploads\/2018\/04\/links-280x400.jpg 280w, https:\/\/blyme-yaoi.com\/2018\/wp-content\/uploads\/2018\/04\/links-768x1099.jpg 768w, https:\/\/blyme-yaoi.com\/2018\/wp-content\/uploads\/2018\/04\/links-1074x1536.jpg 1074w, https:\/\/blyme-yaoi.com\/2018\/wp-content\/uploads\/2018\/04\/links-1432x2048.jpg 1432w, https:\/\/blyme-yaoi.com\/2018\/wp-content\/uploads\/2018\/04\/links-1180x1688.jpg 1180w, https:\/\/blyme-yaoi.com\/2018\/wp-content\/uploads\/2018\/04\/links-800x1144.jpg 800w, https:\/\/blyme-yaoi.com\/2018\/wp-content\/uploads\/2018\/04\/links-650x930.jpg 650w, https:\/\/blyme-yaoi.com\/2018\/wp-content\/uploads\/2018\/04\/links-440x629.jpg 440w\" sizes=\"auto, (max-width: 1503px) 100vw, 1503px\" \/><\/figure><div class=\"wp-block-media-text__content\">\n<p><strong>Autor(a):<\/strong>&nbsp;Kizu Natsuki (@<a href=\"https:\/\/twitter.com\/kizu_ntk\">kizu_ntk<\/a>)<br><strong>Revista Original:<\/strong>&nbsp;Be x Boy GOLD (2013)<br><strong>Publica\u00e7\u00e3o<\/strong>: 7 de fevereiro de 2022<\/p>\n\n\n\n<p><br><strong>Editora<\/strong>:&nbsp;Newpop<br><strong>ISBN<\/strong>:&nbsp;978-6586799767<br><strong>Formato<\/strong>:&nbsp;12,8 X 18 cm<br><strong>P\u00e1ginas<\/strong>: 248 p\u00e1ginas<br><strong>Acabamento<\/strong>: Papel Off-set (brinde: postal)<br><strong>Volumes<\/strong>: Volume \u00danico<br><strong>Classifica\u00e7\u00e3o\/Faixa-Et\u00e1ria<\/strong>: Recomendado para maiores de 18 anos<br><strong>Status<\/strong>: Completo<br><strong>Pre\u00e7o de Capa<\/strong>: R$ 29,90<br><strong>Conte\u00fado er\u00f3tico:<\/strong>&nbsp;\ud83c\udf4b\ud83c\udf4b<\/p>\n<\/div><\/div>\n\n\n\n<h3 class=\"wp-block-heading\"><a href=\"https:\/\/amzn.to\/3Elotrw\" target=\"_blank\" rel=\"noreferrer noopener\"><strong>COMPRAR NA AMAZON.COM.BR<\/strong><\/a><\/h3>\n\n\n\n<p><strong>Sinopse<\/strong>: Este \u00e9 um romance onde h\u00e1 um link entre quatro pares de homens que tentam ser namorados! \u2013 Sekiya \u00e9 um radialista DJ que tem problemas para se comunicar pessoalmente, ele n\u00e3o consegue transmitir direito, com a sua bela voz, o sentimento reprimido que guarda dentro de si ao ser incessantemente abordado por Shibata, um tioz\u00e3o super amig\u00e1vel. \u2013 Akiha, o dono de uma cafeteria, toca uma m\u00fasica de suas lembran\u00e7as no piano enquanto ainda n\u00e3o consegue chamar de \u201cnamorado\u201d o seu companheiro de sexo, Yahiko, devido a um certo incidente. \u2013 Kameda: Os dois se conheceram por causa de um gato abandonado. Eles bebem, comem e amam o gato\u2026 eles ent\u00e3o transformam esse cotidiano agrad\u00e1vel em um \u201cromance\u201d e passam seus dias calmamente. \u2013 Sado, apesar de ele e Nakajou viverem brigando, eles aparentam estar se virando bem como namorados\u2026 no entanto, Nakajou acha que ele jamais ter\u00e1 realmente o Sado para si, por isso, fica tentando deixar de gostar dele.<\/p>\n\n\n\n<p><a href=\"http:\/\/blyme-yaoi.com\/2018\/2021\/01\/25\/newpop-anuncia-9-mangas-bl-e-selo-para-mangas-lgbt\/\"><strong>NewPop anuncia 9 mang\u00e1s BL e selo para mang\u00e1s LGBT+<\/strong><\/a><\/p>\n\n\n\n<h2 class=\"wp-block-heading\">Ganbare! Nakamura-kun!! (For\u00e7a, Nakamura!!!)<\/h2>\n\n\n\n<div class=\"wp-block-media-text alignwide is-stacked-on-mobile\"><figure class=\"wp-block-media-text__media\"><img loading=\"lazy\" decoding=\"async\" width=\"1571\" height=\"2150\" src=\"http:\/\/blyme-yaoi.com\/2018\/wp-content\/uploads\/2018\/04\/nakamura.jpg\" alt=\"\" class=\"wp-image-8537 size-full\" srcset=\"https:\/\/blyme-yaoi.com\/2018\/wp-content\/uploads\/2018\/04\/nakamura.jpg 1571w, https:\/\/blyme-yaoi.com\/2018\/wp-content\/uploads\/2018\/04\/nakamura-292x400.jpg 292w, https:\/\/blyme-yaoi.com\/2018\/wp-content\/uploads\/2018\/04\/nakamura-768x1051.jpg 768w, https:\/\/blyme-yaoi.com\/2018\/wp-content\/uploads\/2018\/04\/nakamura-1122x1536.jpg 1122w, https:\/\/blyme-yaoi.com\/2018\/wp-content\/uploads\/2018\/04\/nakamura-1496x2048.jpg 1496w, https:\/\/blyme-yaoi.com\/2018\/wp-content\/uploads\/2018\/04\/nakamura-1180x1615.jpg 1180w, https:\/\/blyme-yaoi.com\/2018\/wp-content\/uploads\/2018\/04\/nakamura-800x1095.jpg 800w, https:\/\/blyme-yaoi.com\/2018\/wp-content\/uploads\/2018\/04\/nakamura-650x890.jpg 650w, https:\/\/blyme-yaoi.com\/2018\/wp-content\/uploads\/2018\/04\/nakamura-440x602.jpg 440w\" sizes=\"auto, (max-width: 1571px) 100vw, 1571px\" \/><\/figure><div class=\"wp-block-media-text__content\">\n<p><strong>Autor(a):<\/strong>&nbsp;Syundei (@<a href=\"https:\/\/twitter.com\/sndi02\">sndi02<\/a>)<br><strong>Revista Original:<\/strong>&nbsp;Opera (2014)<br><strong>Publica\u00e7\u00e3o<\/strong>: 28 de janeiro de 2022<\/p>\n\n\n\n<p><strong>Editora<\/strong>:&nbsp;Newpop<br><strong>ISBN<\/strong>:&nbsp;978-6586799859<br><strong>Formato<\/strong>:&nbsp;12,8 X 18 cm<br><strong>P\u00e1ginas<\/strong>: 200 p\u00e1ginas<br><strong>Acabamento<\/strong>: Papel Off-set<br><strong>Volumes<\/strong>: Volume \u00danico<br><strong>Classifica\u00e7\u00e3o\/Faixa-Et\u00e1ria<\/strong>: Recomendado para maiores de 18 anos<br><strong>Status<\/strong>: Completo<br><strong>Pre\u00e7o de Capa<\/strong>: R$ 29,90<br><strong>Conte\u00fado er\u00f3tico:<\/strong>&nbsp;\ud83c\udf4b<\/p>\n<\/div><\/div>\n\n\n\n<h3 class=\"wp-block-heading\"><a href=\"https:\/\/amzn.to\/31qosEx\" target=\"_blank\" rel=\"noreferrer noopener\"><strong>COMPRAR NA AMAZON.COM.BR<\/strong><\/a><\/h3>\n\n\n\n<p><strong>Sinopse:<\/strong>&nbsp;Nakamura \u00e9 um garoto muito t\u00edmido e apaixonado por um colega de classe. Mas, por causa de sua personalidade, n\u00e3o consegue nem dizer um simples \u201col\u00e1\u201d para o cara que gosta. Acompanhe essa batalha pessoal de Nakamura para superar sua timidez e inseguran\u00e7as, entre altos e baixos para l\u00e1 de engra\u00e7ados. For\u00e7a, Nakamura!! Com um novo desenvolvimento, apresento-lhes o mais aclamado amor alternativo!<\/p>\n\n\n\n<h2 class=\"wp-block-heading\"><strong>Dakaichi: O homem mais desejado do ano<\/strong><\/h2>\n\n\n\n<div class=\"wp-block-media-text alignwide is-stacked-on-mobile\"><figure class=\"wp-block-media-text__media\"><img loading=\"lazy\" decoding=\"async\" width=\"617\" height=\"900\" src=\"https:\/\/blyme-yaoi.com\/2018\/wp-content\/uploads\/2022\/06\/61hW6cPML8L.jpg\" alt=\"\" class=\"wp-image-10382 size-full\" srcset=\"https:\/\/blyme-yaoi.com\/2018\/wp-content\/uploads\/2022\/06\/61hW6cPML8L.jpg 617w, https:\/\/blyme-yaoi.com\/2018\/wp-content\/uploads\/2022\/06\/61hW6cPML8L-274x400.jpg 274w, https:\/\/blyme-yaoi.com\/2018\/wp-content\/uploads\/2022\/06\/61hW6cPML8L-440x642.jpg 440w\" sizes=\"auto, (max-width: 617px) 100vw, 617px\" \/><\/figure><div class=\"wp-block-media-text__content\">\n<p><strong>Autor(a):<\/strong>&nbsp;Sakurabi Hashigo<br><strong>Revista Original:<\/strong>&nbsp;Be x Boy (2014)<br><strong>T\u00edtulo original:<\/strong>&nbsp;Dakaretai Otoko Ichii ni Odosarete Imasu<br><strong>Editora<\/strong>:&nbsp;Panini<br><strong>Publica\u00e7\u00e3o<\/strong>: mar\u00e7o de 2022<br><strong>Volumes<\/strong>: 8 volumes<br><strong>Classifica\u00e7\u00e3o\/Faixa-Et\u00e1ria<\/strong>: Recomendado para maiores de 18 anos<br><strong>Status<\/strong>: Em andamento<br><strong>Pre\u00e7o de Capa<\/strong>: R$ 34,90 (publica\u00e7\u00e3o mensal)<br><strong>Conte\u00fado er\u00f3tico:<\/strong>&nbsp;\ud83c\udf4b\ud83c\udf4b\ud83c\udf4b\ud83c\udf4b<\/p>\n<\/div><\/div>\n\n\n\n<h3 class=\"wp-block-heading\"><a href=\"https:\/\/amzn.to\/3NcJPLz\" target=\"_blank\" rel=\"noreferrer noopener\"><strong>COMPRAR NA AMAZON.COM.BR<\/strong><\/a><\/h3>\n\n\n\n<p><strong>Sinopse:<\/strong> Takato Saijou, eleito o &#8220;Homem Mais Cobi\u00e7ado&#8221; do ano por cinco anos seguidos, tem o seu posto tomado por Junta Azumaya, um ator iniciante com quem ir\u00e1 atuar em um novo filme. Ap\u00f3s a primeira leitura do roteiro, os dois saem para beber juntos e, no dia seguinte, Takato acorda na cama de Junta.<\/p>\n\n\n\n<h2 class=\"wp-block-heading\">Hyperventilation (manhwa)<\/h2>\n\n\n\n<div class=\"wp-block-media-text alignwide is-stacked-on-mobile\"><figure class=\"wp-block-media-text__media\"><img loading=\"lazy\" decoding=\"async\" width=\"1784\" height=\"2480\" src=\"https:\/\/blyme-yaoi.com\/2018\/wp-content\/uploads\/2022\/06\/81w8y-MD-EL.jpg\" alt=\"\" class=\"wp-image-10381 size-full\" srcset=\"https:\/\/blyme-yaoi.com\/2018\/wp-content\/uploads\/2022\/06\/81w8y-MD-EL.jpg 1784w, https:\/\/blyme-yaoi.com\/2018\/wp-content\/uploads\/2022\/06\/81w8y-MD-EL-288x400.jpg 288w, https:\/\/blyme-yaoi.com\/2018\/wp-content\/uploads\/2022\/06\/81w8y-MD-EL-768x1068.jpg 768w, https:\/\/blyme-yaoi.com\/2018\/wp-content\/uploads\/2022\/06\/81w8y-MD-EL-1105x1536.jpg 1105w, https:\/\/blyme-yaoi.com\/2018\/wp-content\/uploads\/2022\/06\/81w8y-MD-EL-1473x2048.jpg 1473w, https:\/\/blyme-yaoi.com\/2018\/wp-content\/uploads\/2022\/06\/81w8y-MD-EL-1180x1640.jpg 1180w, https:\/\/blyme-yaoi.com\/2018\/wp-content\/uploads\/2022\/06\/81w8y-MD-EL-800x1112.jpg 800w, https:\/\/blyme-yaoi.com\/2018\/wp-content\/uploads\/2022\/06\/81w8y-MD-EL-650x904.jpg 650w, https:\/\/blyme-yaoi.com\/2018\/wp-content\/uploads\/2022\/06\/81w8y-MD-EL-440x612.jpg 440w\" sizes=\"auto, (max-width: 1784px) 100vw, 1784px\" \/><\/figure><div class=\"wp-block-media-text__content\">\n<p><strong>Autor(a):&nbsp;<\/strong>Bboong Bbang Kkyu \/ Punpankyu<br><strong>Editora:<\/strong>&nbsp;NewPOP<\/p>\n\n\n\n<p><strong>Publica\u00e7\u00e3o<\/strong>: 10 de mar\u00e7o de 2022<br><strong>Volumes<\/strong>: volume \u00fanico<br><strong>Formato:<\/strong> 15 x 21cm (em cores, papel couch\u00ea)<br><strong>P\u00e1ginas<\/strong>: 184 p\u00e1ginas<br><strong>Classifica\u00e7\u00e3o\/Faixa-Et\u00e1ria<\/strong>: Recomendado para maiores de 18 anos<br><strong>Status<\/strong>: Completo<br><strong>Pre\u00e7o de Capa<\/strong>: R$ 49,90<br><strong>Conte\u00fado er\u00f3tico:<\/strong>&nbsp;\ud83c\udf4b\ud83c\udf4b<\/p>\n\n\n\n<h3 class=\"wp-block-heading\"><\/h3>\n\n\n\n<p><\/p>\n<\/div><\/div>\n\n\n\n<h3 class=\"wp-block-heading\"><strong><a rel=\"noreferrer noopener\" href=\"https:\/\/amzn.to\/3b2LaqI\" target=\"_blank\">COMPRAR NA AMAZON.COM.BR<\/a><\/strong><\/h3>\n\n\n\n<p><strong>Sinopse: <\/strong>&#8220;Voc\u00ea gosta de mim, n\u00e9?&#8221; Um amor n\u00e3o correspondido aos dezoito anos \u00e9 reencontrado aos vinte e sete. Depois de dez anos, na primeira reuni\u00e3o de turma da faculdade, Myeong se depara com Han Seon-ho novamente, mas ele parte assim que grava uma nova imagem do rapaz em seus olhos. O que ele n\u00e3o esperava \u00e9 que Seon-ho fosse atr\u00e1s dele. O que o destino guarda para os cora\u00e7\u00f5es ainda emaranhados dessas duas pessoas que finalmente est\u00e3o cara a cara outra vez?<\/p>\n\n\n\n<h2 class=\"wp-block-heading\">Umibe no \u00c9tranger (Estranho \u00e0 Beira-Mar)<\/h2>\n\n\n\n<div class=\"wp-block-media-text alignwide is-stacked-on-mobile\"><figure class=\"wp-block-media-text__media\"><img loading=\"lazy\" decoding=\"async\" width=\"1530\" height=\"2150\" src=\"https:\/\/blyme-yaoi.com\/2018\/wp-content\/uploads\/2022\/06\/81-LENMHraL.jpg\" alt=\"\" class=\"wp-image-10380 size-full\" srcset=\"https:\/\/blyme-yaoi.com\/2018\/wp-content\/uploads\/2022\/06\/81-LENMHraL.jpg 1530w, https:\/\/blyme-yaoi.com\/2018\/wp-content\/uploads\/2022\/06\/81-LENMHraL-285x400.jpg 285w, https:\/\/blyme-yaoi.com\/2018\/wp-content\/uploads\/2022\/06\/81-LENMHraL-768x1079.jpg 768w, https:\/\/blyme-yaoi.com\/2018\/wp-content\/uploads\/2022\/06\/81-LENMHraL-1093x1536.jpg 1093w, https:\/\/blyme-yaoi.com\/2018\/wp-content\/uploads\/2022\/06\/81-LENMHraL-1457x2048.jpg 1457w, https:\/\/blyme-yaoi.com\/2018\/wp-content\/uploads\/2022\/06\/81-LENMHraL-1180x1658.jpg 1180w, https:\/\/blyme-yaoi.com\/2018\/wp-content\/uploads\/2022\/06\/81-LENMHraL-800x1124.jpg 800w, https:\/\/blyme-yaoi.com\/2018\/wp-content\/uploads\/2022\/06\/81-LENMHraL-650x913.jpg 650w, https:\/\/blyme-yaoi.com\/2018\/wp-content\/uploads\/2022\/06\/81-LENMHraL-440x618.jpg 440w\" sizes=\"auto, (max-width: 1530px) 100vw, 1530px\" \/><\/figure><div class=\"wp-block-media-text__content\">\n<p><strong>Autor(a):&nbsp;<\/strong>Kanna Kii<br><strong>Revista Original:&nbsp;<\/strong>On Blue (2013)<br><strong>Editora:<\/strong>&nbsp;NewPOP<br><\/p>\n\n\n\n<p><strong>Publica\u00e7\u00e3o<\/strong>: 7 de abril de 2022<br><strong>Volumes<\/strong>: volume \u00fanico<br><strong>Formato:<\/strong> 12,8 x 18cm <br><strong>P\u00e1ginas<\/strong>: 200 p\u00e1ginas<br><strong>Status<\/strong>: Completo<br><strong>Pre\u00e7o de Capa<\/strong>: R$ 29,90<br><strong>Conte\u00fado er\u00f3tico:<\/strong>&nbsp;\ud83c\udf4b\ud83c\udf4b<\/p>\n\n\n\n<h3 class=\"wp-block-heading\"><\/h3>\n<\/div><\/div>\n\n\n\n<h3 class=\"wp-block-heading\"><strong><a href=\"https:\/\/amzn.to\/3b6PTb0\">COMPRAR NA AMAZON.COM.BR<\/a><\/strong><\/h3>\n\n\n\n<p><strong>Sinopse: <\/strong>H\u00e1 3 anos, eles se encontraram \u00e0 beira da praia de uma ilha isolada em Okinawa. Shun Hashimoto, gay, iniciando sua carreira como escritor, se interessa por Mio Chibana, um colegial que passa seu tempo de forma ap\u00e1tica, e o chama para sair. Com o passar dos dias eles foram se aproximando cada vez mais, por\u00e9m Mio teve que se afastar da ilha. Ap\u00f3s 3 anos, Mio retorna \u00e0 ilha e pressiona Shun dizendo \u201cPensei durante 3 anos. Mesmo sendo um homem, eu gosto de voc\u00ea.\u201d Mas Shun, por sua vez, quando finalmente pode se tornar namorado de Mio, n\u00e3o consegue dar o pr\u00f3ximo passo e\u2026<\/p>\n\n\n\n<h2 class=\"wp-block-heading\">Boy Meets Maria<\/h2>\n\n\n\n<div class=\"wp-block-media-text alignwide is-stacked-on-mobile\"><figure class=\"wp-block-media-text__media\"><img loading=\"lazy\" decoding=\"async\" width=\"1559\" height=\"2150\" src=\"https:\/\/blyme-yaoi.com\/2018\/wp-content\/uploads\/2022\/06\/911RyEcltjL.jpg\" alt=\"\" class=\"wp-image-10379 size-full\" srcset=\"https:\/\/blyme-yaoi.com\/2018\/wp-content\/uploads\/2022\/06\/911RyEcltjL.jpg 1559w, https:\/\/blyme-yaoi.com\/2018\/wp-content\/uploads\/2022\/06\/911RyEcltjL-290x400.jpg 290w, https:\/\/blyme-yaoi.com\/2018\/wp-content\/uploads\/2022\/06\/911RyEcltjL-768x1059.jpg 768w, https:\/\/blyme-yaoi.com\/2018\/wp-content\/uploads\/2022\/06\/911RyEcltjL-1114x1536.jpg 1114w, https:\/\/blyme-yaoi.com\/2018\/wp-content\/uploads\/2022\/06\/911RyEcltjL-1485x2048.jpg 1485w, https:\/\/blyme-yaoi.com\/2018\/wp-content\/uploads\/2022\/06\/911RyEcltjL-1180x1627.jpg 1180w, https:\/\/blyme-yaoi.com\/2018\/wp-content\/uploads\/2022\/06\/911RyEcltjL-800x1103.jpg 800w, https:\/\/blyme-yaoi.com\/2018\/wp-content\/uploads\/2022\/06\/911RyEcltjL-650x896.jpg 650w, https:\/\/blyme-yaoi.com\/2018\/wp-content\/uploads\/2022\/06\/911RyEcltjL-440x607.jpg 440w\" sizes=\"auto, (max-width: 1559px) 100vw, 1559px\" \/><\/figure><div class=\"wp-block-media-text__content\">\n<p><strong>Autor(a):&nbsp;<\/strong>PEYO<br><strong>Revista Original:&nbsp;<\/strong>Canna (2017)<br><strong>Editora:<\/strong>&nbsp;NewPOP<br><\/p>\n\n\n\n<p><strong>Publica\u00e7\u00e3o<\/strong>:  julho de 2022<br><strong>Volumes<\/strong>: volume \u00fanico<br><strong>Formato:<\/strong> 12,8 x 18cm <br><strong>P\u00e1ginas<\/strong>: 248 p\u00e1ginas<br><strong>Status<\/strong>: Completo<br><strong>Pre\u00e7o de Capa<\/strong>: R$ 29,90<br><strong>Conte\u00fado er\u00f3tico:<\/strong>&nbsp;\ud83c\udf4b<\/p>\n\n\n\n<h3 class=\"wp-block-heading\"><\/h3>\n<\/div><\/div>\n\n\n\n<h3 class=\"wp-block-heading\"><strong><a href=\"https:\/\/amzn.to\/3mWjKFA\" target=\"_blank\" rel=\"noreferrer noopener\">COMPRAR NA AMAZON.COM.BR<\/a><\/strong><\/h3>\n\n\n\n<p><strong>Sinopse: <\/strong>Taiga, que sempre teve uma grande admira\u00e7\u00e3o por her\u00f3is desde sua inf\u00e2ncia, encontra sua garota predestinada assim que entra para o colegial. Essa garota \u00e9 a Madonna do clube de teatro, mais conhecida como \u201cMaria\u201d. No dia em que se apaixonou por Maria, ap\u00f3s v\u00ea-la dan\u00e7ando em cima do palco de forma chamativa, Taiga se declara pedindo para que ela seja sua hero\u00edna, por\u00e9m fracassa completamente. A t\u00e3o aclamada Madonna na verdade era um homem\u2026<\/p>\n\n\n\n<h2 class=\"wp-block-heading\">Seven Days<\/h2>\n\n\n\n<div class=\"wp-block-media-text alignwide is-stacked-on-mobile\"><figure class=\"wp-block-media-text__media\"><img loading=\"lazy\" decoding=\"async\" width=\"1400\" height=\"1997\" src=\"http:\/\/blyme-yaoi.com\/2018\/wp-content\/uploads\/2021\/11\/seven-days.jpg\" alt=\"\" class=\"wp-image-8468 size-full\" srcset=\"https:\/\/blyme-yaoi.com\/2018\/wp-content\/uploads\/2021\/11\/seven-days.jpg 1400w, https:\/\/blyme-yaoi.com\/2018\/wp-content\/uploads\/2021\/11\/seven-days-280x400.jpg 280w, https:\/\/blyme-yaoi.com\/2018\/wp-content\/uploads\/2021\/11\/seven-days-768x1095.jpg 768w, https:\/\/blyme-yaoi.com\/2018\/wp-content\/uploads\/2021\/11\/seven-days-1077x1536.jpg 1077w, https:\/\/blyme-yaoi.com\/2018\/wp-content\/uploads\/2021\/11\/seven-days-1180x1683.jpg 1180w, https:\/\/blyme-yaoi.com\/2018\/wp-content\/uploads\/2021\/11\/seven-days-800x1141.jpg 800w, https:\/\/blyme-yaoi.com\/2018\/wp-content\/uploads\/2021\/11\/seven-days-650x927.jpg 650w, https:\/\/blyme-yaoi.com\/2018\/wp-content\/uploads\/2021\/11\/seven-days-440x628.jpg 440w\" sizes=\"auto, (max-width: 1400px) 100vw, 1400px\" \/><\/figure><div class=\"wp-block-media-text__content\">\n<p><strong>Autor(a):&nbsp;<\/strong>Venio Tachibana e Takarai Rihito (arte)<br><strong>Revista Original:&nbsp;<\/strong>Craft (2007)<br><strong>Editora:<\/strong>&nbsp;NewPOP<br><strong>Volumes:&nbsp;<\/strong>2 (completo)<\/p>\n\n\n\n<p>As regras eram claras: eles podiam namorar por uma semana.&nbsp;Mas n\u00e3o contavam que podiam se apaixonar!<\/p>\n\n\n\n<p>Por capricho, Yuzuru Shino do terceiro ano do ensino m\u00e9dio convida Toji Seryo do primeiro ano para sair. Toji \u00e9 famoso por ser o \u201camante de uma semana\u201d \u2013 ele sair\u00e1 com a primeira garota que o convidar na segunda-feira de manh\u00e3 e a dispensar\u00e1 na segunda-feira seguinte! Os meninos come\u00e7am a namorar e, na ter\u00e7a-feira, surgem os primeiros sinais de atra\u00e7\u00e3o.&nbsp;Esses dois conseguir\u00e3o expressar seus sentimentos antes da segunda-feira, ou os velhos h\u00e1bitos s\u00e3o muito dif\u00edceis de mudar?<\/p>\n<\/div><\/div>\n","protected":false},"excerpt":{"rendered":"<p>Links Autor(a):&nbsp;Kizu Natsuki (@kizu_ntk)Revista Original:&nbsp;Be x Boy GOLD (2013)Publica\u00e7\u00e3o: 7 de fevereiro de 2022 Editora:&nbsp;NewpopISBN:&nbsp;978-6586799767Formato:&nbsp;12,8 X 18 cmP\u00e1ginas: 248 p\u00e1ginasAcabamento: Papel Off-set (brinde: postal)Volumes: Volume \u00danicoClassifica\u00e7\u00e3o\/Faixa-Et\u00e1ria: Recomendado para maiores de 18 anosStatus: CompletoPre\u00e7o de Capa: R$ 29,90Conte\u00fado er\u00f3tico:&nbsp;\ud83c\udf4b\ud83c\udf4b COMPRAR NA AMAZON.COM.BR Sinopse: Este \u00e9 um romance onde h\u00e1 um link entre quatro pares de homens [&hellip;]<\/p>\n","protected":false},"author":1,"featured_media":8966,"parent":0,"menu_order":0,"comment_status":"open","ping_status":"closed","template":"","meta":{"footnotes":""},"class_list":["post-8962","page","type-page","status-publish","has-post-thumbnail","hentry"],"_links":{"self":[{"href":"https:\/\/blyme-yaoi.com\/2018\/wp-json\/wp\/v2\/pages\/8962","targetHints":{"allow":["GET"]}}],"collection":[{"href":"https:\/\/blyme-yaoi.com\/2018\/wp-json\/wp\/v2\/pages"}],"about":[{"href":"https:\/\/blyme-yaoi.com\/2018\/wp-json\/wp\/v2\/types\/page"}],"author":[{"embeddable":true,"href":"https:\/\/blyme-yaoi.com\/2018\/wp-json\/wp\/v2\/users\/1"}],"replies":[{"embeddable":true,"href":"https:\/\/blyme-yaoi.com\/2018\/wp-json\/wp\/v2\/comments?post=8962"}],"version-history":[{"count":17,"href":"https:\/\/blyme-yaoi.com\/2018\/wp-json\/wp\/v2\/pages\/8962\/revisions"}],"predecessor-version":[{"id":13023,"href":"https:\/\/blyme-yaoi.com\/2018\/wp-json\/wp\/v2\/pages\/8962\/revisions\/13023"}],"wp:featuredmedia":[{"embeddable":true,"href":"https:\/\/blyme-yaoi.com\/2018\/wp-json\/wp\/v2\/media\/8966"}],"wp:attachment":[{"href":"https:\/\/blyme-yaoi.com\/2018\/wp-json\/wp\/v2\/media?parent=8962"}],"curies":[{"name":"wp","href":"https:\/\/api.w.org\/{rel}","templated":true}]}}