{"id":84,"date":"2018-02-08T02:40:32","date_gmt":"2018-02-08T02:40:32","guid":{"rendered":"http:\/\/blyme-yaoi.com\/2018\/?page_id=84"},"modified":"2018-02-20T19:37:05","modified_gmt":"2018-02-20T16:37:05","slug":"termos-de-uso","status":"publish","type":"page","link":"https:\/\/blyme-yaoi.com\/2018\/termos-de-uso\/","title":{"rendered":"Termos de uso (LEIA-ME)"},"content":{"rendered":"<blockquote><p>Uma miss\u00e3o: fazer o Blyme chegar nas f\u00e3s que chegaram no BL\/Yaoi. Estamos aqui para ajudar voc\u00eas e propagar o Yaoi no mundo inteiro!<\/p><\/blockquote>\n<p>O <strong>Blyme<\/strong> \u00e9 um blog dedicado ao g\u00eanero conhecido como Yaoi ou Boy\u2019s Love. Em outras palavras, quadrinhos, anima\u00e7\u00f5es, games, filmes e afins com tem\u00e1tica GAY MASCULINA &#8211; produzidos principalmente por mulheres e em geral voltados para o p\u00fablico feminino.<\/p>\n<p>Aqui os f\u00e3s v\u00e3o encontrar not\u00edcias, artigos, reviews, novidades e curiosidades sobre o assunto.<\/p>\n<p>ATEN\u00c7\u00c3O: Por tratar de m\u00eddias que muitas vezes focam em <strong>ER\u00d3TICA HOMOSSEXUAL<\/strong>, este \u00e9 um blog de conte\u00fado adulto, portanto se voc\u00ea n\u00e3o tiver permiss\u00e3o ou maturidade para acessar tais materiais, por favor procure um site mais adequado a sua idade e interesses!<\/p>\n<p>Os coment\u00e1rios deste blog s\u00e3o moderados, n\u00e3o aceitaremos reclama\u00e7\u00f5es sobre o que escolhemos publicar ou n\u00e3o no site. Gostamos de discutir os assuntos ligados ao yaoi, mas o <strong>Blyme<\/strong> \u00e9 PARA F\u00c3S e n\u00e3o tem a inten\u00e7\u00e3o de &#8220;converter&#8221; ou convencer ningu\u00e9m. Portanto se voc\u00ea n\u00e3o gosta do tema, seja civilizado e procure outro blog para visitar.<\/p>\n<p><strong>N\u00e3o somos um site de scanlations e fansubs<\/strong>. N\u00f3s apenas noticiamos e discutimos yaoi e n\u00e3o provemos links diretos para acesso a downloads. As m\u00eddias (imagens, textos, v\u00eddeos, etc) usadas neste blog t\u00eam car\u00e1ter de divulga\u00e7\u00e3o.<\/p>\n<p>O <strong>Blyme<\/strong> n\u00e3o hospeda nenhum filme, anime, game ou arquivo de mang\u00e1. Apenas contemos links para outros sites. O <strong>Blyme<\/strong> n\u00e3o \u00e9 respons\u00e1vel pelo copyright ou legalidade do conte\u00fado linkado de outros sites.<\/p>\n<h1><strong>MAPA DO SITE<\/strong><\/h1>\n<p><strong>Artigos <\/strong>\u2013 Aqui voc\u00ea encontra nossos textos de opini\u00e3o, mat\u00e9rias de campo e entrevistas (exclusivas ou traduzidas) sobre assuntos relacionados ao Boy\u2019s Love.<\/p>\n<p><strong>Mundo das Compras <\/strong>\u2013 Nesta categoria, voc\u00ea encontra dicas de compra e importa\u00e7\u00e3o de mang\u00e1s, animes e merchandisings.<\/p>\n<p><strong>Mundo Fujoshi\u00a0<\/strong>\u2013 Aqui temos o espa\u00e7o reservado para assuntos do fandom e a vida do f\u00e3 de yaoi.<\/p>\n<p><strong>Mundo Gay<\/strong> \u2013 \u00c9 onde postamos artigos e not\u00edcias sobre quest\u00f5es LGBT.<\/p>\n<p><strong>Not\u00edcias<\/strong> \u2013 As novidades sobre yaoi\/BL em um s\u00f3 lugar! Al\u00e9m de lan\u00e7amentos, tamb\u00e9m contamos com os rankings de venda, onde sabemos quais mang\u00e1s e animes BL est\u00e3o fazendo mais sucesso no Jap\u00e3o<\/p>\n<p><strong>Rapidinhas<\/strong> \u2013 O nome j\u00e1 diz tudo: notas r\u00e1pidas, curiosidades, humor e recomenda\u00e7\u00f5es.<\/p>\n<p><strong>Galeria<\/strong> \u2013 Features de cosplayers e desenhistas!<\/p>\n<p><strong>Resenhas<\/strong> \u2013 Resenhas \u00a0e recomenda\u00e7\u00f5es de mang\u00e1s, animes, filmes BL\/Yaoi e afins.<\/p>\n<p><strong>Yaoipedia<\/strong> \u2013 Nossa pequena enciclop\u00e9dia do Yaoi\/BL. Perfis de mangak\u00e1s e gloss\u00e1rio de termos do fandom se encontram aqui.<\/p>\n<p><strong>Agenda <\/strong>&#8211; Eventos e datas importantes para voc\u00ea n\u00e3o perder o rol\u00ea.<\/p>\n","protected":false},"excerpt":{"rendered":"<p>Uma miss\u00e3o: fazer o Blyme chegar nas f\u00e3s que chegaram no BL\/Yaoi. Estamos aqui para ajudar voc\u00eas e propagar o Yaoi no mundo inteiro! O Blyme \u00e9 um blog dedicado ao g\u00eanero conhecido como Yaoi ou Boy\u2019s Love. Em outras palavras, quadrinhos, anima\u00e7\u00f5es, games, filmes e afins com tem\u00e1tica GAY MASCULINA &#8211; produzidos principalmente por [&hellip;]<\/p>\n","protected":false},"author":1,"featured_media":94,"parent":0,"menu_order":0,"comment_status":"closed","ping_status":"closed","template":"","meta":{"footnotes":""},"class_list":["post-84","page","type-page","status-publish","has-post-thumbnail","hentry"],"_links":{"self":[{"href":"https:\/\/blyme-yaoi.com\/2018\/wp-json\/wp\/v2\/pages\/84","targetHints":{"allow":["GET"]}}],"collection":[{"href":"https:\/\/blyme-yaoi.com\/2018\/wp-json\/wp\/v2\/pages"}],"about":[{"href":"https:\/\/blyme-yaoi.com\/2018\/wp-json\/wp\/v2\/types\/page"}],"author":[{"embeddable":true,"href":"https:\/\/blyme-yaoi.com\/2018\/wp-json\/wp\/v2\/users\/1"}],"replies":[{"embeddable":true,"href":"https:\/\/blyme-yaoi.com\/2018\/wp-json\/wp\/v2\/comments?post=84"}],"version-history":[{"count":17,"href":"https:\/\/blyme-yaoi.com\/2018\/wp-json\/wp\/v2\/pages\/84\/revisions"}],"predecessor-version":[{"id":808,"href":"https:\/\/blyme-yaoi.com\/2018\/wp-json\/wp\/v2\/pages\/84\/revisions\/808"}],"wp:featuredmedia":[{"embeddable":true,"href":"https:\/\/blyme-yaoi.com\/2018\/wp-json\/wp\/v2\/media\/94"}],"wp:attachment":[{"href":"https:\/\/blyme-yaoi.com\/2018\/wp-json\/wp\/v2\/media?parent=84"}],"curies":[{"name":"wp","href":"https:\/\/api.w.org\/{rel}","templated":true}]}}