{"id":104,"date":"2018-02-08T03:44:57","date_gmt":"2018-02-08T03:44:57","guid":{"rendered":"http:\/\/blyme-yaoi.com\/2018\/?page_id=104"},"modified":"2022-03-03T21:49:50","modified_gmt":"2022-03-04T00:49:50","slug":"perguntas-frequentes","status":"publish","type":"page","link":"https:\/\/blyme-yaoi.com\/2018\/termos-de-uso\/perguntas-frequentes\/","title":{"rendered":"PERGUNTAS FREQUENTES"},"content":{"rendered":"<p><strong>Posso usar seus textos no meu blog\/v\u00eddeo? <\/strong><br \/>\nSim, desde que tenha o cr\u00e9dito (nome do autor, nome do site e link para o texto original) <strong>em LUGAR VIS\u00cdVEL<\/strong>, de prefer\u00eancia antes do texto. Gostar\u00edamos que pedissem permiss\u00e3o neste email: <a href=\"mailto:blymeyaoi2018@gmail.com\">blymeyaoi2018@gmail.com<\/a>. E, claro, voc\u00ea<strong> n\u00e3o pode usar<\/strong> os nossos textos e conte\u00fados para fins comerciais.<\/p>\n<p><strong>Podemos trocar links ou fazer parceria?<\/strong><br \/>\nFazemos parcerias apenas com sites que tenham conte\u00fados relevantes para os leitores do Blyme e que se esforcem para creditar os autores de conte\u00fado. Se este \u00e9 o caso, envie um email para <a href=\"mailto:blymeyaoi2018@gmail.com\">blymeyaoi2018@gmail.com<\/a>. Procuramos parcerias que v\u00e3o al\u00e9m de troca de links.<\/p>\n<p><strong>Por que voc\u00eas n\u00e3o noticiam yuri?<\/strong><br \/>\nO yuri \u00e9 uma esp\u00e9cie de g\u00eanero irm\u00e3o do Boy&#8217;s Love, respeitamos e curtimos, mas n\u00e3o temos interesse em trabalhar com esse conte\u00fado no momento. Recomendamos o site amigo <a href=\"https:\/\/www.konoaisetsu.com.br\/\" target=\"_blank\" rel=\"noopener\"><em>Kono Ai Setsu<\/em><\/a> para not\u00edcias, resenhas e conte\u00fado yuri em geral.<\/p>\n<p><strong>Voc\u00eas pretendem fazer scanlations e fansubs no futuro?<\/strong><br \/>\nN\u00e3o, o site deve continuar se dedicando a postar informa\u00e7\u00f5es, not\u00edcias e artigos sobre BL. H\u00e1 bastantes grupos de scanlations e fansubs pela internet, em diversos idiomas.<\/p>\n<p><strong>Voc\u00eas poderiam ler e recomendar os meus fanfics ou obras originais?<\/strong><br \/>\nVamos tentar, mas infelizmente nem sempre a nossa equipe tem tempo dispon\u00edvel para ler tudo o que gostaria!<\/p>\n","protected":false},"excerpt":{"rendered":"<p>Posso usar seus textos no meu blog\/v\u00eddeo? Sim, desde que tenha o cr\u00e9dito (nome do autor, nome do site e link para o texto original) em LUGAR VIS\u00cdVEL, de prefer\u00eancia antes do texto. Gostar\u00edamos que pedissem permiss\u00e3o neste email: blymeyaoi2018@gmail.com. E, claro, voc\u00ea n\u00e3o pode usar os nossos textos e conte\u00fados para fins comerciais. Podemos [&hellip;]<\/p>\n","protected":false},"author":1,"featured_media":345,"parent":84,"menu_order":0,"comment_status":"closed","ping_status":"closed","template":"","meta":{"footnotes":""},"class_list":["post-104","page","type-page","status-publish","has-post-thumbnail","hentry"],"_links":{"self":[{"href":"https:\/\/blyme-yaoi.com\/2018\/wp-json\/wp\/v2\/pages\/104","targetHints":{"allow":["GET"]}}],"collection":[{"href":"https:\/\/blyme-yaoi.com\/2018\/wp-json\/wp\/v2\/pages"}],"about":[{"href":"https:\/\/blyme-yaoi.com\/2018\/wp-json\/wp\/v2\/types\/page"}],"author":[{"embeddable":true,"href":"https:\/\/blyme-yaoi.com\/2018\/wp-json\/wp\/v2\/users\/1"}],"replies":[{"embeddable":true,"href":"https:\/\/blyme-yaoi.com\/2018\/wp-json\/wp\/v2\/comments?post=104"}],"version-history":[{"count":8,"href":"https:\/\/blyme-yaoi.com\/2018\/wp-json\/wp\/v2\/pages\/104\/revisions"}],"predecessor-version":[{"id":9593,"href":"https:\/\/blyme-yaoi.com\/2018\/wp-json\/wp\/v2\/pages\/104\/revisions\/9593"}],"up":[{"embeddable":true,"href":"https:\/\/blyme-yaoi.com\/2018\/wp-json\/wp\/v2\/pages\/84"}],"wp:featuredmedia":[{"embeddable":true,"href":"https:\/\/blyme-yaoi.com\/2018\/wp-json\/wp\/v2\/media\/345"}],"wp:attachment":[{"href":"https:\/\/blyme-yaoi.com\/2018\/wp-json\/wp\/v2\/media?parent=104"}],"curies":[{"name":"wp","href":"https:\/\/api.w.org\/{rel}","templated":true}]}}